{"id":1787,"date":"2025-02-24T03:16:25","date_gmt":"2025-02-24T02:16:25","guid":{"rendered":"https:\/\/thelocopolo.com\/productos\/polo-fraise\/"},"modified":"2024-08-06T10:53:24","modified_gmt":"2024-08-06T08:53:24","slug":"polo-fraise","status":"publish","type":"product","link":"https:\/\/locopolo.com\/fr\/produits\/polo-fraise\/","title":{"rendered":"Polo \u00e0 la fraise"},"content":{"rendered":"<p>Le popsicle typique \u00e0 la fraise mais sans \u00eatre le popsicle typique \u00e0 la fraise.<\/p>\n","protected":false},"excerpt":{"rendered":"<p>Le popsicle typique \u00e0 la fraise mais sans \u00eatre le popsicle typique \u00e0 la fraise&#8230;.<\/p>\n","protected":false},"author":2,"featured_media":559,"menu_order":0,"template":"","meta":{"_acf_changed":false,"inline_featured_image":false,"footnotes":""},"allergen":[],"product_cat":[173,174],"class_list":["post-1787","product","type-product","status-publish","has-post-thumbnail","hentry","product_cat-batonnets-glaces","product_cat-langue-source"],"acf":[],"_links":{"self":[{"href":"https:\/\/locopolo.com\/fr\/wp-json\/wp\/v2\/product\/1787","targetHints":{"allow":["GET"]}}],"collection":[{"href":"https:\/\/locopolo.com\/fr\/wp-json\/wp\/v2\/product"}],"about":[{"href":"https:\/\/locopolo.com\/fr\/wp-json\/wp\/v2\/types\/product"}],"author":[{"embeddable":true,"href":"https:\/\/locopolo.com\/fr\/wp-json\/wp\/v2\/users\/2"}],"version-history":[{"count":0,"href":"https:\/\/locopolo.com\/fr\/wp-json\/wp\/v2\/product\/1787\/revisions"}],"wp:featuredmedia":[{"embeddable":true,"href":"https:\/\/locopolo.com\/fr\/wp-json\/wp\/v2\/media\/559"}],"wp:attachment":[{"href":"https:\/\/locopolo.com\/fr\/wp-json\/wp\/v2\/media?parent=1787"}],"wp:term":[{"taxonomy":"allergen","embeddable":true,"href":"https:\/\/locopolo.com\/fr\/wp-json\/wp\/v2\/allergen?post=1787"},{"taxonomy":"product_cat","embeddable":true,"href":"https:\/\/locopolo.com\/fr\/wp-json\/wp\/v2\/product_cat?post=1787"}],"curies":[{"name":"wp","href":"https:\/\/api.w.org\/{rel}","templated":true}]}}