{"id":2626,"date":"2025-02-24T03:16:17","date_gmt":"2025-02-24T02:16:17","guid":{"rendered":"https:\/\/thelocopolo.com\/productos\/locobo-choco-vegano\/"},"modified":"2025-02-24T03:16:22","modified_gmt":"2025-02-24T02:16:22","slug":"locobo-choco-vegano","status":"publish","type":"product","link":"https:\/\/locopolo.com\/en\/products\/locobo-choco-vegano\/","title":{"rendered":"Locob\u00f3 Choco Vegano"},"content":{"rendered":"<p>Bomb\u00f3n de chocolate ba\u00f1ado en chocolate con leche vegano.<\/p>\n","protected":false},"excerpt":{"rendered":"<p>Bomb\u00f3n de chocolate ba\u00f1ado en chocolate con leche vegano&#8230;.<\/p>\n","protected":false},"author":2,"featured_media":3861,"menu_order":0,"template":"","meta":{"_acf_changed":false,"inline_featured_image":false,"footnotes":""},"allergen":[188,189],"product_cat":[201],"class_list":["post-2626","product","type-product","status-publish","has-post-thumbnail","hentry","allergen-soja-fr","allergen-noix","product_cat-locobo-fr"],"acf":[],"_links":{"self":[{"href":"https:\/\/locopolo.com\/en\/wp-json\/wp\/v2\/product\/2626","targetHints":{"allow":["GET"]}}],"collection":[{"href":"https:\/\/locopolo.com\/en\/wp-json\/wp\/v2\/product"}],"about":[{"href":"https:\/\/locopolo.com\/en\/wp-json\/wp\/v2\/types\/product"}],"author":[{"embeddable":true,"href":"https:\/\/locopolo.com\/en\/wp-json\/wp\/v2\/users\/2"}],"version-history":[{"count":0,"href":"https:\/\/locopolo.com\/en\/wp-json\/wp\/v2\/product\/2626\/revisions"}],"wp:featuredmedia":[{"embeddable":true,"href":"https:\/\/locopolo.com\/en\/wp-json\/wp\/v2\/media\/3861"}],"wp:attachment":[{"href":"https:\/\/locopolo.com\/en\/wp-json\/wp\/v2\/media?parent=2626"}],"wp:term":[{"taxonomy":"allergen","embeddable":true,"href":"https:\/\/locopolo.com\/en\/wp-json\/wp\/v2\/allergen?post=2626"},{"taxonomy":"product_cat","embeddable":true,"href":"https:\/\/locopolo.com\/en\/wp-json\/wp\/v2\/product_cat?post=2626"}],"curies":[{"name":"wp","href":"https:\/\/api.w.org\/{rel}","templated":true}]}}